{"id":5025,"date":"2024-02-19T10:07:32","date_gmt":"2024-02-19T09:07:32","guid":{"rendered":"https:\/\/myinstantpasta.com\/?page_id=5025"},"modified":"2024-02-19T10:07:32","modified_gmt":"2024-02-19T09:07:32","slug":"como-prepararlo","status":"publish","type":"page","link":"https:\/\/myinstantpasta.com\/es\/como-prepararlo\/","title":{"rendered":"C\u00d3MO PREPARARLO"},"content":{"rendered":"\t\t<div data-elementor-type=\"wp-page\" data-elementor-id=\"5025\" class=\"elementor elementor-5025\" data-elementor-settings=\"[]\">\n\t\t\t\t\t\t\t<div class=\"elementor-section-wrap\">\n\t\t\t\t\t\t\t<section class=\"elementor-section elementor-top-section elementor-element elementor-element-4953f875 elementor-section-full_width prepara-prima-sezione elementor-section-height-min-height elementor-section-height-default elementor-section-items-middle\" data-id=\"4953f875\" data-element_type=\"section\" data-settings=\"{&quot;background_background&quot;:&quot;classic&quot;}\">\n\t\t\t\t\t\t<div class=\"elementor-container elementor-column-gap-default\">\n\t\t\t\t\t<div class=\"elementor-column elementor-col-100 elementor-top-column elementor-element elementor-element-4bcfabf9\" data-id=\"4bcfabf9\" data-element_type=\"column\">\n\t\t\t<div class=\"elementor-widget-wrap elementor-element-populated\">\n\t\t\t\t\t\t\t\t<div class=\"elementor-element elementor-element-14fbdfd5 elementor-widget elementor-widget-heading\" data-id=\"14fbdfd5\" data-element_type=\"widget\" data-widget_type=\"heading.default\">\n\t\t\t\t<div class=\"elementor-widget-container\">\n\t\t\t<style>\/*! elementor - v3.5.5 - 03-02-2022 *\/\n.elementor-heading-title{padding:0;margin:0;line-height:1}.elementor-widget-heading .elementor-heading-title[class*=elementor-size-]>a{color:inherit;font-size:inherit;line-height:inherit}.elementor-widget-heading .elementor-heading-title.elementor-size-small{font-size:15px}.elementor-widget-heading .elementor-heading-title.elementor-size-medium{font-size:19px}.elementor-widget-heading .elementor-heading-title.elementor-size-large{font-size:29px}.elementor-widget-heading .elementor-heading-title.elementor-size-xl{font-size:39px}.elementor-widget-heading .elementor-heading-title.elementor-size-xxl{font-size:59px}<\/style><h2 class=\"elementor-heading-title elementor-size-large\">\u00a1Listo en 5 minutos!<\/h2>\t\t<\/div>\n\t\t\t\t<\/div>\n\t\t\t\t<div class=\"elementor-element elementor-element-4b14ad04 img-istruzioni elementor-widget elementor-widget-image\" data-id=\"4b14ad04\" data-element_type=\"widget\" data-widget_type=\"image.default\">\n\t\t\t\t<div class=\"elementor-widget-container\">\n\t\t\t<style>\/*! elementor - v3.5.5 - 03-02-2022 *\/\n.elementor-widget-image{text-align:center}.elementor-widget-image a{display:inline-block}.elementor-widget-image a img[src$=\".svg\"]{width:48px}.elementor-widget-image img{vertical-align:middle;display:inline-block}<\/style>\t\t\t\t\t\t\t\t\t\t\t\t<img src=\"https:\/\/myinstantpasta.com\/wp-content\/uploads\/elementor\/thumbs\/istruzioni-1-quwntctpwl8gn4fjo3gmw8z53f74kem96nrwdrzdla.png\" title=\"istruzioni\" alt=\"istruzioni\" \/>\t\t\t\t\t\t\t\t\t\t\t\t\t\t\t<\/div>\n\t\t\t\t<\/div>\n\t\t\t\t\t<\/div>\n\t\t<\/div>\n\t\t\t\t\t\t\t<\/div>\n\t\t<\/section>\n\t\t\t\t<section class=\"elementor-section elementor-top-section elementor-element elementor-element-405f50d5 elementor-section-full_width elementor-section-height-min-height elementor-section-height-default elementor-section-items-middle\" data-id=\"405f50d5\" data-element_type=\"section\" data-settings=\"{&quot;background_background&quot;:&quot;classic&quot;,&quot;background_motion_fx_motion_fx_scrolling&quot;:&quot;yes&quot;,&quot;background_motion_fx_devices&quot;:[&quot;desktop&quot;,&quot;tablet&quot;,&quot;mobile&quot;]}\">\n\t\t\t\t\t\t<div class=\"elementor-container elementor-column-gap-default\">\n\t\t\t\t\t<div class=\"elementor-column elementor-col-100 elementor-top-column elementor-element elementor-element-52b4e70a\" data-id=\"52b4e70a\" data-element_type=\"column\">\n\t\t\t<div class=\"elementor-widget-wrap elementor-element-populated\">\n\t\t\t\t\t\t\t\t<div class=\"elementor-element elementor-element-169905da elementor-widget elementor-widget-spacer\" data-id=\"169905da\" data-element_type=\"widget\" data-widget_type=\"spacer.default\">\n\t\t\t\t<div class=\"elementor-widget-container\">\n\t\t\t\t\t<div class=\"elementor-spacer\">\n\t\t\t<div class=\"elementor-spacer-inner\"><\/div>\n\t\t<\/div>\n\t\t\t\t<\/div>\n\t\t\t\t<\/div>\n\t\t\t\t<section class=\"elementor-section elementor-inner-section elementor-element elementor-element-228e2ce8 elementor-section-full_width elementor-section-content-middle elementor-section-height-default elementor-section-height-default\" data-id=\"228e2ce8\" data-element_type=\"section\">\n\t\t\t\t\t\t<div class=\"elementor-container elementor-column-gap-default\">\n\t\t\t\t\t<div class=\"elementor-column elementor-col-50 elementor-inner-column elementor-element elementor-element-5b6dd69b\" data-id=\"5b6dd69b\" data-element_type=\"column\">\n\t\t\t<div class=\"elementor-widget-wrap elementor-element-populated\">\n\t\t\t\t\t\t\t\t<div class=\"elementor-element elementor-element-68444daa elementor-widget elementor-widget-image\" data-id=\"68444daa\" data-element_type=\"widget\" data-widget_type=\"image.default\">\n\t\t\t\t<div class=\"elementor-widget-container\">\n\t\t\t\t\t\t\t\t\t\t\t\t\t\t\t<img src=\"https:\/\/myinstantpasta.com\/wp-content\/uploads\/elementor\/thumbs\/Risorsa-2-quwntepa0rli9ehr36mehtytzyrv59hucu96ws2o4o.png\" title=\"Risorsa 2\" alt=\"Risorsa 2\" \/>\t\t\t\t\t\t\t\t\t\t\t\t\t\t\t<\/div>\n\t\t\t\t<\/div>\n\t\t\t\t\t<\/div>\n\t\t<\/div>\n\t\t\t\t<div class=\"elementor-column elementor-col-50 elementor-inner-column elementor-element elementor-element-6ffcf140\" data-id=\"6ffcf140\" data-element_type=\"column\">\n\t\t\t<div class=\"elementor-widget-wrap elementor-element-populated\">\n\t\t\t\t\t\t\t\t<div class=\"elementor-element elementor-element-2083bf78 elementor-widget elementor-widget-menu-anchor\" data-id=\"2083bf78\" data-element_type=\"widget\" data-widget_type=\"menu-anchor.default\">\n\t\t\t\t<div class=\"elementor-widget-container\">\n\t\t\t<style>\/*! elementor - v3.5.5 - 03-02-2022 *\/\nbody.elementor-page .elementor-widget-menu-anchor{margin-bottom:0}<\/style>\t\t<div class=\"elementor-menu-anchor\"><\/div>\n\t\t\t\t<\/div>\n\t\t\t\t<\/div>\n\t\t\t\t<div class=\"elementor-element elementor-element-4dfe75a6 elementor-widget elementor-widget-heading\" data-id=\"4dfe75a6\" data-element_type=\"widget\" data-widget_type=\"heading.default\">\n\t\t\t\t<div class=\"elementor-widget-container\">\n\t\t\t<h2 class=\"elementor-heading-title elementor-size-default\">C\u00f3mo preparar:<\/h2>\t\t<\/div>\n\t\t\t\t<\/div>\n\t\t\t\t<div class=\"elementor-element elementor-element-3ca4fc2f elementor-widget elementor-widget-heading\" data-id=\"3ca4fc2f\" data-element_type=\"widget\" data-widget_type=\"heading.default\">\n\t\t\t\t<div class=\"elementor-widget-container\">\n\t\t\t<h2 class=\"elementor-heading-title elementor-size-default\">AGUA HIRVIENDO:<\/h2>\t\t<\/div>\n\t\t\t\t<\/div>\n\t\t\t\t<div class=\"elementor-element elementor-element-2a378319 elementor-widget elementor-widget-heading\" data-id=\"2a378319\" data-element_type=\"widget\" data-widget_type=\"heading.default\">\n\t\t\t\t<div class=\"elementor-widget-container\">\n\t\t\t<h2 class=\"elementor-heading-title elementor-size-default\">1) Agitar 2) Abrir la tapa y agregar agua hirviendo hasta la l\u00ednea 3) Remover bien y tapar 4) Esperar 4\/5 minutos 5) Remover muy bien y listo.<\/h2>\t\t<\/div>\n\t\t\t\t<\/div>\n\t\t\t\t<div class=\"elementor-element elementor-element-4346cc37 elementor-widget elementor-widget-heading\" data-id=\"4346cc37\" data-element_type=\"widget\" data-widget_type=\"heading.default\">\n\t\t\t\t<div class=\"elementor-widget-container\">\n\t\t\t<h2 class=\"elementor-heading-title elementor-size-default\">C\u00f3mo preparar:<\/h2>\t\t<\/div>\n\t\t\t\t<\/div>\n\t\t\t\t<div class=\"elementor-element elementor-element-4aa63dec elementor-widget elementor-widget-heading\" data-id=\"4aa63dec\" data-element_type=\"widget\" data-widget_type=\"heading.default\">\n\t\t\t\t<div class=\"elementor-widget-container\">\n\t\t\t<h2 class=\"elementor-heading-title elementor-size-default\">MICROONDAS:<\/h2>\t\t<\/div>\n\t\t\t\t<\/div>\n\t\t\t\t<div class=\"elementor-element elementor-element-58a26e63 elementor-widget elementor-widget-heading\" data-id=\"58a26e63\" data-element_type=\"widget\" data-widget_type=\"heading.default\">\n\t\t\t\t<div class=\"elementor-widget-container\">\n\t\t\t<h2 class=\"elementor-heading-title elementor-size-default\">1) Agite y retire la pel\u00edcula superior 2) Agregue agua fr\u00eda hasta la l\u00ednea y remueva 3)\nCalentar en el microondas a 700W (media) durante 3,5 minutos 4) Remover bien 5) Esperar 1 minuto y listo.<\/h2>\t\t<\/div>\n\t\t\t\t<\/div>\n\t\t\t\t\t<\/div>\n\t\t<\/div>\n\t\t\t\t\t\t\t<\/div>\n\t\t<\/section>\n\t\t\t\t\t<\/div>\n\t\t<\/div>\n\t\t\t\t\t\t\t<\/div>\n\t\t<\/section>\n\t\t\t\t<section class=\"elementor-section elementor-top-section elementor-element elementor-element-1e82616b elementor-section-full_width elementor-section-height-min-height prepara-ultima-sezione elementor-section-height-default elementor-section-items-middle\" data-id=\"1e82616b\" data-element_type=\"section\" data-settings=\"{&quot;background_background&quot;:&quot;classic&quot;}\">\n\t\t\t\t\t\t<div class=\"elementor-container elementor-column-gap-default\">\n\t\t\t\t\t<div class=\"elementor-column elementor-col-100 elementor-top-column elementor-element elementor-element-7ceb734d\" data-id=\"7ceb734d\" data-element_type=\"column\">\n\t\t\t<div class=\"elementor-widget-wrap elementor-element-populated\">\n\t\t\t\t\t\t\t\t<div class=\"elementor-element elementor-element-34246af0 elementor-widget elementor-widget-image\" data-id=\"34246af0\" data-element_type=\"widget\" data-widget_type=\"image.default\">\n\t\t\t\t<div class=\"elementor-widget-container\">\n\t\t\t\t\t\t\t\t\t\t\t\t\t\t\t<img src=\"https:\/\/myinstantpasta.com\/wp-content\/uploads\/elementor\/thumbs\/Saludable-Fa\u0301cil-y-Sabroso-quwntgl087tvmqn6wgpq0a0a5z5qngk3yk761zx9tu.png\" title=\"Saludable, Fa\u0301cil y Sabroso\" alt=\"Saludable, Fa\u0301cil y Sabroso\" \/>\t\t\t\t\t\t\t\t\t\t\t\t\t\t\t<\/div>\n\t\t\t\t<\/div>\n\t\t\t\t\t<\/div>\n\t\t<\/div>\n\t\t\t\t\t\t\t<\/div>\n\t\t<\/section>\n\t\t\t\t\t\t<\/div>\n\t\t\t\t\t<\/div>\n\t\t","protected":false},"excerpt":{"rendered":"<p>\u00a1Listo en 5 minutos! C\u00f3mo preparar: AGUA HIRVIENDO: 1) Agitar 2) Abrir la tapa y agregar agua hirviendo hasta la l\u00ednea 3) Remover bien y tapar 4) Esperar 4\/5 minutos 5) Remover muy bien y listo. C\u00f3mo preparar: MICROONDAS: 1) Agite y retire la pel\u00edcula superior 2) Agregue agua fr\u00eda hasta la l\u00ednea y remueva [&hellip;]<\/p>\n","protected":false},"author":2,"featured_media":0,"parent":0,"menu_order":0,"comment_status":"closed","ping_status":"closed","template":"","meta":[],"yoast_head":"<!-- This site is optimized with the Yoast SEO plugin v18.4 - https:\/\/yoast.com\/wordpress\/plugins\/seo\/ -->\n<title>C\u00d3MO PREPARARLO - My Instant Pasta<\/title>\n<meta name=\"robots\" content=\"index, follow, max-snippet:-1, max-image-preview:large, max-video-preview:-1\" \/>\n<link rel=\"canonical\" href=\"https:\/\/myinstantpasta.com\/es\/como-prepararlo\/\" \/>\n<meta property=\"og:locale\" content=\"es_ES\" \/>\n<meta property=\"og:type\" content=\"article\" \/>\n<meta property=\"og:title\" content=\"C\u00d3MO PREPARARLO - My Instant Pasta\" \/>\n<meta property=\"og:description\" content=\"\u00a1Listo en 5 minutos! C\u00f3mo preparar: AGUA HIRVIENDO: 1) Agitar 2) Abrir la tapa y agregar agua hirviendo hasta la l\u00ednea 3) Remover bien y tapar 4) Esperar 4\/5 minutos 5) Remover muy bien y listo. C\u00f3mo preparar: MICROONDAS: 1) Agite y retire la pel\u00edcula superior 2) Agregue agua fr\u00eda hasta la l\u00ednea y remueva [&hellip;]\" \/>\n<meta property=\"og:url\" content=\"https:\/\/myinstantpasta.com\/es\/como-prepararlo\/\" \/>\n<meta property=\"og:site_name\" content=\"My Instant Pasta\" \/>\n<meta property=\"og:image\" content=\"https:\/\/myinstantpasta.com\/wp-content\/uploads\/elementor\/thumbs\/istruzioni-1-pm8euiquuu7ltb5t8eygka4zrlfer5h84uhxvgs3v2.png\" \/>\n<meta name=\"twitter:card\" content=\"summary_large_image\" \/>\n<meta name=\"twitter:label1\" content=\"Tiempo de lectura\" \/>\n\t<meta name=\"twitter:data1\" content=\"1 minuto\" \/>\n<script type=\"application\/ld+json\" class=\"yoast-schema-graph\">{\"@context\":\"https:\/\/schema.org\",\"@graph\":[{\"@type\":\"WebSite\",\"@id\":\"https:\/\/myinstantpasta.com\/en\/#website\",\"url\":\"https:\/\/myinstantpasta.com\/en\/\",\"name\":\"My Instant Pasta\",\"description\":\"\",\"potentialAction\":[{\"@type\":\"SearchAction\",\"target\":{\"@type\":\"EntryPoint\",\"urlTemplate\":\"https:\/\/myinstantpasta.com\/en\/?s={search_term_string}\"},\"query-input\":\"required name=search_term_string\"}],\"inLanguage\":\"es\"},{\"@type\":\"ImageObject\",\"@id\":\"https:\/\/myinstantpasta.com\/es\/como-prepararlo\/#primaryimage\",\"inLanguage\":\"es\",\"url\":\"https:\/\/myinstantpasta.com\/wp-content\/uploads\/elementor\/thumbs\/istruzioni-1-pm8euiquuu7ltb5t8eygka4zrlfer5h84uhxvgs3v2.png\",\"contentUrl\":\"https:\/\/myinstantpasta.com\/wp-content\/uploads\/elementor\/thumbs\/istruzioni-1-pm8euiquuu7ltb5t8eygka4zrlfer5h84uhxvgs3v2.png\"},{\"@type\":\"WebPage\",\"@id\":\"https:\/\/myinstantpasta.com\/es\/como-prepararlo\/#webpage\",\"url\":\"https:\/\/myinstantpasta.com\/es\/como-prepararlo\/\",\"name\":\"C\u00d3MO PREPARARLO - My Instant Pasta\",\"isPartOf\":{\"@id\":\"https:\/\/myinstantpasta.com\/en\/#website\"},\"primaryImageOfPage\":{\"@id\":\"https:\/\/myinstantpasta.com\/es\/como-prepararlo\/#primaryimage\"},\"datePublished\":\"2024-02-19T09:07:32+00:00\",\"dateModified\":\"2024-02-19T09:07:32+00:00\",\"breadcrumb\":{\"@id\":\"https:\/\/myinstantpasta.com\/es\/como-prepararlo\/#breadcrumb\"},\"inLanguage\":\"es\",\"potentialAction\":[{\"@type\":\"ReadAction\",\"target\":[\"https:\/\/myinstantpasta.com\/es\/como-prepararlo\/\"]}]},{\"@type\":\"BreadcrumbList\",\"@id\":\"https:\/\/myinstantpasta.com\/es\/como-prepararlo\/#breadcrumb\",\"itemListElement\":[{\"@type\":\"ListItem\",\"position\":1,\"name\":\"Home\",\"item\":\"https:\/\/myinstantpasta.com\/es\/\"},{\"@type\":\"ListItem\",\"position\":2,\"name\":\"C\u00d3MO PREPARARLO\"}]}]}<\/script>\n<!-- \/ Yoast SEO plugin. -->","yoast_head_json":{"title":"C\u00d3MO PREPARARLO - My Instant Pasta","robots":{"index":"index","follow":"follow","max-snippet":"max-snippet:-1","max-image-preview":"max-image-preview:large","max-video-preview":"max-video-preview:-1"},"canonical":"https:\/\/myinstantpasta.com\/es\/como-prepararlo\/","og_locale":"es_ES","og_type":"article","og_title":"C\u00d3MO PREPARARLO - My Instant Pasta","og_description":"\u00a1Listo en 5 minutos! C\u00f3mo preparar: AGUA HIRVIENDO: 1) Agitar 2) Abrir la tapa y agregar agua hirviendo hasta la l\u00ednea 3) Remover bien y tapar 4) Esperar 4\/5 minutos 5) Remover muy bien y listo. C\u00f3mo preparar: MICROONDAS: 1) Agite y retire la pel\u00edcula superior 2) Agregue agua fr\u00eda hasta la l\u00ednea y remueva [&hellip;]","og_url":"https:\/\/myinstantpasta.com\/es\/como-prepararlo\/","og_site_name":"My Instant Pasta","og_image":[{"url":"https:\/\/myinstantpasta.com\/wp-content\/uploads\/elementor\/thumbs\/istruzioni-1-pm8euiquuu7ltb5t8eygka4zrlfer5h84uhxvgs3v2.png"}],"twitter_card":"summary_large_image","twitter_misc":{"Tiempo de lectura":"1 minuto"},"schema":{"@context":"https:\/\/schema.org","@graph":[{"@type":"WebSite","@id":"https:\/\/myinstantpasta.com\/en\/#website","url":"https:\/\/myinstantpasta.com\/en\/","name":"My Instant Pasta","description":"","potentialAction":[{"@type":"SearchAction","target":{"@type":"EntryPoint","urlTemplate":"https:\/\/myinstantpasta.com\/en\/?s={search_term_string}"},"query-input":"required name=search_term_string"}],"inLanguage":"es"},{"@type":"ImageObject","@id":"https:\/\/myinstantpasta.com\/es\/como-prepararlo\/#primaryimage","inLanguage":"es","url":"https:\/\/myinstantpasta.com\/wp-content\/uploads\/elementor\/thumbs\/istruzioni-1-pm8euiquuu7ltb5t8eygka4zrlfer5h84uhxvgs3v2.png","contentUrl":"https:\/\/myinstantpasta.com\/wp-content\/uploads\/elementor\/thumbs\/istruzioni-1-pm8euiquuu7ltb5t8eygka4zrlfer5h84uhxvgs3v2.png"},{"@type":"WebPage","@id":"https:\/\/myinstantpasta.com\/es\/como-prepararlo\/#webpage","url":"https:\/\/myinstantpasta.com\/es\/como-prepararlo\/","name":"C\u00d3MO PREPARARLO - My Instant Pasta","isPartOf":{"@id":"https:\/\/myinstantpasta.com\/en\/#website"},"primaryImageOfPage":{"@id":"https:\/\/myinstantpasta.com\/es\/como-prepararlo\/#primaryimage"},"datePublished":"2024-02-19T09:07:32+00:00","dateModified":"2024-02-19T09:07:32+00:00","breadcrumb":{"@id":"https:\/\/myinstantpasta.com\/es\/como-prepararlo\/#breadcrumb"},"inLanguage":"es","potentialAction":[{"@type":"ReadAction","target":["https:\/\/myinstantpasta.com\/es\/como-prepararlo\/"]}]},{"@type":"BreadcrumbList","@id":"https:\/\/myinstantpasta.com\/es\/como-prepararlo\/#breadcrumb","itemListElement":[{"@type":"ListItem","position":1,"name":"Home","item":"https:\/\/myinstantpasta.com\/es\/"},{"@type":"ListItem","position":2,"name":"C\u00d3MO PREPARARLO"}]}]}},"_links":{"self":[{"href":"https:\/\/myinstantpasta.com\/es\/wp-json\/wp\/v2\/pages\/5025"}],"collection":[{"href":"https:\/\/myinstantpasta.com\/es\/wp-json\/wp\/v2\/pages"}],"about":[{"href":"https:\/\/myinstantpasta.com\/es\/wp-json\/wp\/v2\/types\/page"}],"author":[{"embeddable":true,"href":"https:\/\/myinstantpasta.com\/es\/wp-json\/wp\/v2\/users\/2"}],"replies":[{"embeddable":true,"href":"https:\/\/myinstantpasta.com\/es\/wp-json\/wp\/v2\/comments?post=5025"}],"version-history":[{"count":29,"href":"https:\/\/myinstantpasta.com\/es\/wp-json\/wp\/v2\/pages\/5025\/revisions"}],"predecessor-version":[{"id":5199,"href":"https:\/\/myinstantpasta.com\/es\/wp-json\/wp\/v2\/pages\/5025\/revisions\/5199"}],"wp:attachment":[{"href":"https:\/\/myinstantpasta.com\/es\/wp-json\/wp\/v2\/media?parent=5025"}],"curies":[{"name":"wp","href":"https:\/\/api.w.org\/{rel}","templated":true}]}}